{"id":119,"date":"2014-03-30T09:47:45","date_gmt":"2014-03-30T09:47:45","guid":{"rendered":"http:\/\/doblevuit.com\/blog\/?page_id=119"},"modified":"2022-04-05T19:07:35","modified_gmt":"2022-04-05T17:07:35","slug":"altres-activitats","status":"publish","type":"page","link":"https:\/\/doblevuit.com\/blog\/altres-activitats\/","title":{"rendered":"Altres activitats"},"content":{"rendered":"\n<figure class=\"wp-block-table\"><table><tbody><tr><td>[meteor_slideshow slideshow=\u00bbSenderisme i treking\u00bb]<\/td><\/tr><\/tbody><\/table><\/figure>\n\n\n\n<p>Demanem a tots els que gaudeixen de la muntanya un alt grau de respetuosidad amb el medi ambient i amb les propietats, tant p\u00fabliques com a privades, als quals cal sol\u2022licitar-los permisos per al pas per les seves finques i atendre a les seves consideracions.<br \/>Aquesta Web no pret\u00e9n ser una guia a seguir, simplement un espai on s&#8217;ofereix informaci\u00f3 i es comparteixen experi\u00e8ncies.<br \/>Qui faci \u00fas de la informaci\u00f3 que s&#8217;exposa en aquesta Web ho far\u00e0 sota la seva responsabilitat, no fent-nos responsables dels seus actes, dels problemas i les consecu\u00e8ncies que puguin tenir. Abans d&#8217;emprendre qualsevol ruta cadascun ha de con\u00e8ixer les seves pr\u00f2pies possibilitats, tant t\u00e8cniques com a f\u00edsiques o ps\u00edquiques.<\/p>\n\n\n\n<figure class=\"wp-block-table\"><table><tbody><tr><td>\n<h4><img loading=\"lazy\" decoding=\"async\" class=\"alignleft size-full wp-image-366\" src=\"AQUI EL ICONO QUE NO TENGO\" width=\"25\" height=\"25\"\/><a href=\"http:\/\/doblevuit.com\/blog\/senderisme-i-treking\/\" target=\"_blank\" rel=\"noopener noreferrer\">Costejant de sa Punta de sa Guarda  fins sa Punta de Tac\u00e0ritx<\/a><\/h4>\n<\/td><td><a href=\"https:\/\/www.flickr.com\/photos\/doblevuit_grup_de_muntanyisme\/albums\/72157715589027363\"><img loading=\"lazy\" decoding=\"async\" title=\"flikr\" src=\"http:\/\/doblevuit.com\/blog\/wp-content\/uploads\/2014\/03\/flickr75.png\" alt=\"flikr\" width=\"25\" height=\"25\"\/><\/a><a href=\"https:\/\/es.wikiloc.com\/rutas-natacion\/costejant-de-sa-punta-de-sa-guarda-a-sa-punta-de-tacaritx-55366163\"><img loading=\"lazy\" decoding=\"async\" title=\"wikiloc\" src=\"http:\/\/doblevuit.com\/blog\/wp-content\/uploads\/2014\/03\/wikiloc75.png\" alt=\"wikiloc\" width=\"25\" height=\"25\"\/><\/a><a href=\"https:\/\/youtu.be\/fx1mUi2hmqg\"><img loading=\"lazy\" decoding=\"async\" title=\"youtube\" src=\"http:\/\/doblevuit.com\/blog\/wp-content\/uploads\/2014\/03\/youtube75.png\" alt=\"youtube\" width=\"25\" height=\"25\"\/><\/a><\/td><\/tr><tr><td>\n<h4><img loading=\"lazy\" decoding=\"async\" class=\"alignleft size-full wp-image-366\" src=\"http:\/\/doblevuit.com\/blog\/wp-content\/uploads\/2019\/05\/descarga-2.png\" alt=\"bicicleta\" width=\"25\" height=\"25\"\/><a href=\"http:\/\/doblevuit.com\/blog\/ruta-en-globus\/\" target=\"_blank\" rel=\"noopener noreferrer\">Viatge en Globo<\/a><\/h4>\n<\/td><td><a title=\"Fotos a Flikr\" href=\"https:\/\/www.flickr.com\/photos\/doblevuit_grup_de_muntanyisme\/albums\/72157691275859053\"><img loading=\"lazy\" decoding=\"async\" title=\"flikr\" src=\"http:\/\/doblevuit.com\/blog\/wp-content\/uploads\/2014\/03\/flickr75.png\" alt=\"flikr\" width=\"25\" height=\"25\"\/><\/a><a href=\"https:\/\/youtu.be\/EbVwE0ULOE0\"><img loading=\"lazy\" decoding=\"async\" title=\"youtube\" src=\"http:\/\/doblevuit.com\/blog\/wp-content\/uploads\/2014\/03\/youtube75.png\" alt=\"youtube\" width=\"25\" height=\"25\"\/><\/a><\/td><\/tr><tr><td>\n<h4><img loading=\"lazy\" decoding=\"async\" class=\"alignleft size-full wp-image-366\" src=\"http:\/\/doblevuit.com\/blog\/wp-content\/uploads\/2018\/09\/icono.jpg\" alt=\"bicicleta\" width=\"25\" height=\"25\"\/><a href=\"http:\/\/doblevuit.com\/blog\/son-real-en-bici\/\" target=\"_blank\" rel=\"noopener noreferrer\">Finca p\u00fablica son Real<\/a><\/h4>\n<\/td><td><a title=\"Fotos a Flikr\" href=\"https:\/\/www.flickr.com\/photos\/doblevuit_grup_de_muntanyisme\/albums\/72157700897746475\"><img loading=\"lazy\" decoding=\"async\" title=\"flikr\" src=\"http:\/\/doblevuit.com\/blog\/wp-content\/uploads\/2014\/03\/flickr75.png\" alt=\"flikr\" width=\"25\" height=\"25\"\/><\/a><a href=\"https:\/\/youtu.be\/TFH4HNmUWOs\"><img loading=\"lazy\" decoding=\"async\" title=\"youtube\" src=\"http:\/\/doblevuit.com\/blog\/wp-content\/uploads\/2014\/03\/youtube75.png\" alt=\"youtube\" width=\"25\" height=\"25\"\/><\/a><a href=\"https:\/\/es.wikiloc.com\/rutas-mountain-bike\/son-baulo-son-real-son-serra-28324374&amp;utm_source=social&amp;utm_medium=facebook.com&amp;utm_campaign=badge\" target=\"_blank\" rel=\"noopener noreferrer\"><img loading=\"lazy\" decoding=\"async\" title=\"wikiloc\" src=\"http:\/\/doblevuit.com\/blog\/wp-content\/uploads\/2014\/03\/wikiloc75.png\" alt=\"wikiloc\" width=\"25\" height=\"25\"\/><\/a><\/td><\/tr><tr><td>\n<h4><img loading=\"lazy\" decoding=\"async\" class=\"alignleft size-full wp-image-524\" src=\"http:\/\/doblevuit.com\/blog\/wp-content\/uploads\/2014\/07\/Kayak-e1405095383172.png\" alt=\"pirag\u00fcismo\" width=\"25\" height=\"25\"\/>&nbsp;<a href=\"http:\/\/doblevuit.com\/blog\/2719-2\/\">XII Volta a s&#8217;Illeta 2016<\/a><\/h4><\/td><td>\n<figure><a title=\"Fotos a Flikr\" href=\"https:\/\/youtu.be\/SspJXa3WZG0\" target=\"_blank\" rel=\"noopener noreferrer\"><img loading=\"lazy\" decoding=\"async\" title=\"flikr\" src=\"http:\/\/doblevuit.com\/blog\/wp-content\/uploads\/2014\/03\/flickr75.png\" alt=\"flikr\" width=\"25\" height=\"25\"\/><\/a><\/figure><p><\/p><\/td><\/tr><tr><td>\n<h4><a href=\"http:\/\/doblevuit.com\/blog\/wp-content\/uploads\/2014\/06\/icono-trail.png\"><img loading=\"lazy\" decoding=\"async\" class=\"alignleft wp-image-409\" src=\"http:\/\/doblevuit.com\/blog\/wp-content\/uploads\/2014\/06\/icono-trail.png\" alt=\"icono trail\" width=\"26\" height=\"26\"\/><\/a>&nbsp;<a href=\"http:\/\/doblevuit.com\/blog\/?p=1876\" target=\"_blank\" rel=\"noopener noreferrer\">Ultra Trail du Mont Blanc&nbsp;2015<\/a><\/h4><\/td><td>\n<figure><a title=\"Fotos a Flikr\" href=\"https:\/\/www.flickr.com\/photos\/doblevuit_grup_de_muntanyisme\/albums\/72157657765647968\" target=\"_blank\" rel=\"noopener noreferrer\"><img loading=\"lazy\" decoding=\"async\" title=\"flikr\" src=\"http:\/\/doblevuit.com\/blog\/wp-content\/uploads\/2014\/03\/flickr75.png\" alt=\"flikr\" width=\"25\" height=\"25\"\/><\/a><\/figure><figure><a title=\"Youtube\" href=\"http:\/\/www.dailymotion.com\/video\/x32rb23_live-espanol-utmb-ultra-trail-du-mont-blanc-2015_sport\" target=\"_blank\" rel=\"noopener noreferrer\"><img loading=\"lazy\" decoding=\"async\" title=\"youtube\" src=\"http:\/\/doblevuit.com\/blog\/wp-content\/uploads\/2014\/03\/youtube75.png\" alt=\"youtube\" width=\"25\" height=\"25\"\/><\/a><\/figure><figure><a title=\"Youtube\" href=\"http:\/\/www.dailymotion.com\/video\/x33immm_ccc-2015-resume-de-course_sport\" target=\"_blank\" rel=\"noopener noreferrer\"><img loading=\"lazy\" decoding=\"async\" title=\"youtube\" src=\"http:\/\/doblevuit.com\/blog\/wp-content\/uploads\/2014\/03\/youtube75.png\" alt=\"youtube\" width=\"25\" height=\"25\"\/><\/a><\/figure><p><\/p><\/td><\/tr><tr><td>\n<h4><a href=\"http:\/\/doblevuit.com\/blog\/wp-content\/uploads\/2014\/07\/Kayak-e1405095383172.png\"><img loading=\"lazy\" decoding=\"async\" class=\"alignleft size-full wp-image-524\" src=\"http:\/\/doblevuit.com\/blog\/wp-content\/uploads\/2014\/07\/Kayak-e1405095383172.png\" alt=\"pirag\u00fcismo\" width=\"25\" height=\"25\"\/><\/a>&nbsp;<a href=\"http:\/\/wp.me\/p4D2ij-rW\" target=\"_blank\" rel=\"noopener noreferrer\">IX&nbsp;Volta a s&#8217;Illeta amb kayak 2015<\/a><\/h4>\n<p><\/p><\/td><td>\n<a href=\"https:\/\/www.flickr.com\/photos\/doblevuit_grup_de_muntanyisme\/sets\/72157654912019548\" target=\"_blank\" rel=\"noopener noreferrer\"><img loading=\"lazy\" decoding=\"async\" title=\"flikr\" src=\"http:\/\/doblevuit.com\/blog\/wp-content\/uploads\/2014\/03\/flickr75.png\" alt=\"flikr\" width=\"25\" height=\"25\"\/><\/a><\/td><\/tr><tr><td>\n<h4>&nbsp;<a href=\"http:\/\/wp.me\/p4D2ij-q2\" target=\"_blank\" rel=\"noopener noreferrer\"><img loading=\"lazy\" decoding=\"async\" class=\"alignleft wp-image-409\" src=\"http:\/\/doblevuit.com\/blog\/wp-content\/uploads\/2014\/06\/icono-trail.png\" alt=\"icono trail\" width=\"25\" height=\"25\"\/>Ultra Trail Serra de Tramuntana 2015<\/a><\/h4><\/td><td>\n<figure><img loading=\"lazy\" decoding=\"async\" title=\"flikr\" src=\"http:\/\/doblevuit.com\/blog\/wp-content\/uploads\/2014\/03\/flickr75.png\" alt=\"flikr\" width=\"25\" height=\"25\"\/><\/figure><figure><a title=\"Ultra Trail Serra de Tramuntana 2015\" href=\"http:\/\/doblevuit.com\/blog\/ultra-trail-serra-de-tramuntana-2015\/\" target=\"_blank\" rel=\"noopener noreferrer\"><img loading=\"lazy\" decoding=\"async\" title=\"wikiloc\" src=\"http:\/\/doblevuit.com\/blog\/wp-content\/uploads\/2014\/03\/wikiloc75.png\" alt=\"wikiloc\" width=\"25\" height=\"25\"\/><\/a><\/figure><figure><a href=\"https:\/\/youtu.be\/XMGtVbtxr-Q\" target=\"_blank\" rel=\"noopener noreferrer\"><img loading=\"lazy\" decoding=\"async\" title=\"youtube\" src=\"http:\/\/doblevuit.com\/blog\/wp-content\/uploads\/2014\/03\/youtube75.png\" alt=\"youtube\" width=\"25\" height=\"25\"\/><\/a><\/figure><p><\/p><\/td><\/tr><tr><td>\n<h4>&nbsp;<a href=\"http:\/\/doblevuit.com\/blog\/wp-content\/uploads\/2014\/06\/icono-trail.png\"><img loading=\"lazy\" decoding=\"async\" class=\"alignleft wp-image-409\" src=\"http:\/\/doblevuit.com\/blog\/wp-content\/uploads\/2014\/06\/icono-trail.png\" alt=\"icono trail\" width=\"25\" height=\"25\"\/><\/a><a href=\"http:\/\/wp.me\/p4D2ij-oW\" target=\"_blank\" rel=\"noopener noreferrer\">K-21 Mallorca 2015<\/a><\/h4>\n<p><\/p><\/td><td>\n<a href=\"https:\/\/www.flickr.com\/photos\/doblevuit_grup_de_muntanyisme\/sets\/72157651358646582\/\" target=\"_blank\" rel=\"noopener noreferrer\"><img loading=\"lazy\" decoding=\"async\" title=\"flikr\" src=\"http:\/\/doblevuit.com\/blog\/wp-content\/uploads\/2014\/03\/flickr75.png\" alt=\"flikr\" width=\"25\" height=\"25\"\/><\/a><a href=\"http:\/\/www.k42mallorca.com\/\" target=\"_blank\" rel=\"noopener noreferrer\"><img loading=\"lazy\" decoding=\"async\" title=\"wikiloc\" src=\"http:\/\/doblevuit.com\/blog\/wp-content\/uploads\/2014\/03\/wikiloc75.png\" alt=\"wikiloc\" width=\"25\" height=\"25\"\/><\/a><\/td><\/tr><tr><td><h4>&nbsp;<a href=\"http:\/\/doblevuit.com\/blog\/wp-content\/uploads\/2014\/06\/icono-trail.png\"><img loading=\"lazy\" decoding=\"async\" class=\"alignleft wp-image-409\" src=\"http:\/\/doblevuit.com\/blog\/wp-content\/uploads\/2014\/06\/icono-trail.png\" alt=\"icono trail\" width=\"25\" height=\"25\"\/><\/a><a href=\"http:\/\/wp.me\/p4D2ij-iD\" target=\"_blank\" rel=\"noopener noreferrer\">I Cursa sa Calobra Fest 2014<\/a><\/h4><\/td><td>\n<figure><img loading=\"lazy\" decoding=\"async\" title=\"flikr\" src=\"http:\/\/doblevuit.com\/blog\/wp-content\/uploads\/2014\/03\/flickr75.png\" alt=\"flikr\" width=\"25\" height=\"25\"\/><\/figure><p><\/p><\/td><\/tr><tr><td>\n<h4>&nbsp;<a href=\"http:\/\/doblevuit.com\/blog\/wp-content\/uploads\/2014\/09\/triatlon.jpg\"><img loading=\"lazy\" decoding=\"async\" class=\"alignleft wp-image-1069\" src=\"http:\/\/doblevuit.com\/blog\/wp-content\/uploads\/2014\/09\/triatlon-150x150.jpg\" alt=\"triatlon\" width=\"28\" height=\"24\" srcset=\"https:\/\/doblevuit.com\/blog\/wp-content\/uploads\/2014\/09\/triatlon-250x216.jpg 250w, https:\/\/doblevuit.com\/blog\/wp-content\/uploads\/2014\/09\/triatlon.jpg 287w\" sizes=\"auto, (max-width: 28px) 100vw, 28px\" \/><\/a><a href=\"http:\/\/wp.me\/p4D2ij-ha\" target=\"_blank\" rel=\"noopener noreferrer\"><span style=\"text-decoration: underline;\">V Triatl\u00f3 sa R\u00e0pita 2014<\/span><\/a><\/h4><\/td><td>\n<figure><a href=\"https:\/\/www.flickr.com\/photos\/doblevuit_grup_de_muntanyisme\/sets\/72157648169758101\/\" target=\"_blank\" rel=\"noopener noreferrer\"><img loading=\"lazy\" decoding=\"async\" title=\"flikr\" src=\"http:\/\/doblevuit.com\/blog\/wp-content\/uploads\/2014\/03\/flickr75.png\" alt=\"flikr\" width=\"25\" height=\"25\"\/><\/a><\/figure><p><\/p><\/td><\/tr><tr><td>\n<h4><img loading=\"lazy\" decoding=\"async\" class=\"alignleft size-full wp-image-524\" src=\"http:\/\/doblevuit.com\/blog\/wp-content\/uploads\/2014\/07\/Kayak-e1405095383172.png\" alt=\"pirag\u00fcismo\" width=\"25\" height=\"25\"\/>&nbsp;<a href=\"http:\/\/wp.me\/p4D2ij-eO\" target=\"_blank\" rel=\"noopener noreferrer\"><span style=\"text-decoration: underline;\">Descens del riu Sella (Asturies)<\/span><\/a><\/h4><\/td><td>\n<figure><a title=\"Fotos a Flikr\" href=\"http:\/\/es.wikiloc.com\/wikiloc\/view.do?id=7363458\" target=\"_blank\" rel=\"noopener noreferrer\"><img loading=\"lazy\" decoding=\"async\" title=\"flikr\" src=\"http:\/\/doblevuit.com\/blog\/wp-content\/uploads\/2014\/03\/flickr75.png\" alt=\"flikr\" width=\"25\" height=\"25\"\/><\/a><\/figure><figure><a href=\"http:\/\/es.wikiloc.com\/wikiloc\/view.do?id=7363458\" target=\"_blank\" rel=\"noopener noreferrer\"><img loading=\"lazy\" decoding=\"async\" title=\"wikiloc\" src=\"http:\/\/doblevuit.com\/blog\/wp-content\/uploads\/2014\/03\/wikiloc75.png\" alt=\"wikiloc\" width=\"25\" height=\"25\"\/><\/a><\/figure><figure><a href=\"http:\/\/youtu.be\/qK96muJkb48\" target=\"_blank\" rel=\"noopener noreferrer\"><img loading=\"lazy\" decoding=\"async\" title=\"youtube\" src=\"http:\/\/doblevuit.com\/blog\/wp-content\/uploads\/2014\/03\/youtube75.png\" alt=\"youtube\" width=\"25\" height=\"25\"\/><\/a><\/figure><p><\/p><\/td><\/tr><tr><td>\n<h4><img loading=\"lazy\" decoding=\"async\" class=\"alignleft size-full wp-image-524\" src=\"http:\/\/doblevuit.com\/blog\/wp-content\/uploads\/2014\/07\/Kayak-e1405095383172.png\" alt=\"pirag\u00fcismo\" width=\"25\" height=\"25\"\/>&nbsp;<a title=\"Volta a s'Illeta amb Kayak\" href=\"http:\/\/doblevuit.com\/blog\/volta-a-silleta-amb-kayak\/\">Volta a s&#8217;Illeta amb kayak 2014<\/a><\/h4><\/td><td>\n<figure><a title=\"Fotos a Flikr\" href=\"https:\/\/www.flickr.com\/photos\/doblevuit_grup_de_muntanyisme\/sets\/72157645010568287\/\" target=\"_blank\" rel=\"noopener noreferrer\"><img loading=\"lazy\" decoding=\"async\" title=\"flikr\" src=\"http:\/\/doblevuit.com\/blog\/wp-content\/uploads\/2014\/03\/flickr75.png\" alt=\"flikr\" width=\"25\" height=\"25\"\/><\/a><\/figure><figure><img loading=\"lazy\" decoding=\"async\" title=\"youtube\" src=\"http:\/\/doblevuit.com\/blog\/wp-content\/uploads\/2014\/03\/youtube75.png\" alt=\"youtube\" width=\"25\" height=\"25\"\/><\/figure><p><\/p><\/td><\/tr><tr><td>\n<h4><img loading=\"lazy\" decoding=\"async\" class=\"alignleft size-full wp-image-332\" src=\"http:\/\/doblevuit.com\/blog\/wp-content\/uploads\/2014\/06\/icono-trail.png\" alt=\"icono trail\" width=\"25\" height=\"25\"\/><a title=\"Trail Cam\u00ed de Cavalls Sud (Menorca)\" href=\"http:\/\/doblevuit.com\/blog\/trail-cami-de-cavalls-sud-menorca\/\">Trail Cam\u00ed de Cavalls Sud (Menorca)<\/a><\/h4><\/td><td>\n<figure><a title=\"Fotos aFlikr\" href=\"https:\/\/www.flickr.com\/photos\/doblevuit_grup_de_muntanyisme\/sets\/72157644549322867\/\" target=\"_blank\" rel=\"noopener noreferrer\"><img loading=\"lazy\" decoding=\"async\" title=\"flikr\" src=\"http:\/\/doblevuit.com\/blog\/wp-content\/uploads\/2014\/03\/flickr75.png\" alt=\"flikr\" width=\"25\" height=\"25\"\/><\/a><\/figure><figure><a title=\"Youtube\" href=\"http:\/\/youtu.be\/N2T3zXCY5nw\" target=\"_blank\" rel=\"noopener noreferrer\"><img loading=\"lazy\" decoding=\"async\" title=\"youtube\" src=\"http:\/\/doblevuit.com\/blog\/wp-content\/uploads\/2014\/03\/youtube75.png\" alt=\"youtube\" width=\"25\" height=\"25\"\/><\/a><\/figure><p><\/p><\/td><\/tr><tr><td>\n<h4><img loading=\"lazy\" decoding=\"async\" class=\"alignleft size-full wp-image-332\" src=\"http:\/\/doblevuit.com\/blog\/wp-content\/uploads\/2014\/06\/icono-trail.png\" alt=\"icono trail\" width=\"25\" height=\"25\"\/><a title=\"Ultra Trail Serra de Tramuntana\" href=\"http:\/\/doblevuit.com\/blog\/ultra-trail-serra-de-tramuntana\/\">Ultra Trail Serra de Tramuntana 2014<\/a><\/h4><\/td><td>\n<figure><a title=\"Fotos a Flikr\" href=\"https:\/\/www.flickr.com\/photos\/doblevuit_grup_de_muntanyisme\/sets\/72157644163164682\/\" target=\"_blank\" rel=\"noopener noreferrer\"><img loading=\"lazy\" decoding=\"async\" title=\"flikr\" src=\"http:\/\/doblevuit.com\/blog\/wp-content\/uploads\/2014\/03\/flickr75.png\" alt=\"flikr\" width=\"25\" height=\"25\"\/><\/a><\/figure><figure><a title=\"Youtube\" href=\"http:\/\/www.youtube.com\/watch?v=BNvUOzhaQIg&amp;feature=share&amp;list=UUzoEncB45fzeno2KpC87yiA&amp;index=3\" target=\"_blank\" rel=\"noopener noreferrer\"><img loading=\"lazy\" decoding=\"async\" title=\"youtube\" src=\"http:\/\/doblevuit.com\/blog\/wp-content\/uploads\/2014\/03\/youtube75.png\" alt=\"youtube\" width=\"25\" height=\"25\"\/><\/a><\/figure><p><\/p>&lt; <\/td><\/tr><tr><td>\n<h4><img loading=\"lazy\" decoding=\"async\" class=\"alignleft size-full wp-image-332\" src=\"http:\/\/doblevuit.com\/blog\/wp-content\/uploads\/2014\/06\/icono-trail.png\" alt=\"icono trail\" width=\"25\" height=\"25\"\/><a title=\"K-42 Mallorca. Marat\u00f3 de Muntanya\" href=\"http:\/\/doblevuit.com\/blog\/k-42-mallorca-marato-de-muntanya\/\">K-42 Mallorca. Marat\u00f3 de Muntanya<\/a><\/h4>\n<\/td><td>\n<figure><a title=\"Fotos a Flikr\" href=\"https:\/\/www.flickr.com\/photos\/doblevuit_grup_de_muntanyisme\/sets\/72157643153033113\/\" target=\"_blank\" rel=\"noopener noreferrer\"><img loading=\"lazy\" decoding=\"async\" title=\"flikr\" src=\"http:\/\/doblevuit.com\/blog\/wp-content\/uploads\/2014\/03\/flickr75.png\" alt=\"flikr\" width=\"25\" height=\"25\"\/><\/a><\/figure><p><\/p><\/td><\/tr><tr><td>\n<h4><img loading=\"lazy\" decoding=\"async\" class=\"wp-image-579\" src=\"http:\/\/doblevuit.com\/blog\/wp-content\/uploads\/2014\/07\/icono-empleo-cuerda1.jpg\" alt=\"empleo cuerda\" width=\"25\" height=\"25\"\/>&nbsp; &nbsp;<a title=\"Pr\u00e0ctiques\" href=\"http:\/\/doblevuit.com\/blog\/practiques\/\">Pr\u00e0ctiques<\/a><\/h4><\/td><td>\n<figure><a title=\"Fotos a Flikr\" href=\"https:\/\/www.flickr.com\/photos\/doblevuit_grup_de_muntanyisme\/sets\/72157639682336255\/\" target=\"_blank\" rel=\"noopener noreferrer\"><img loading=\"lazy\" decoding=\"async\" title=\"flikr\" src=\"http:\/\/doblevuit.com\/blog\/wp-content\/uploads\/2014\/03\/flickr75.png\" alt=\"flikr\" width=\"25\" height=\"25\"\/><\/a><\/figure><p><\/p>\n<\/td><\/tr><\/tbody><\/table><\/figure>\n\n\n\n<!--more-->\n","protected":false},"excerpt":{"rendered":"<p>[meteor_slideshow slideshow=\u00bbSenderisme i treking\u00bb] Demanem a tots els que gaudeixen de la muntanya un alt grau de respetuosidad amb el medi ambient i amb les propietats, tant p\u00fabliques com a privades, als quals cal sol\u2022licitar-los permisos per al pas per les seves finques i atendre a les seves consideracions.Aquesta Web no pret\u00e9n ser una guia [&hellip;]<\/p>\n","protected":false},"author":1,"featured_media":0,"parent":0,"menu_order":5,"comment_status":"closed","ping_status":"open","template":"","meta":{"footnotes":""},"class_list":["post-119","page","type-page","status-publish","hentry"],"_links":{"self":[{"href":"https:\/\/doblevuit.com\/blog\/wp-json\/wp\/v2\/pages\/119","targetHints":{"allow":["GET"]}}],"collection":[{"href":"https:\/\/doblevuit.com\/blog\/wp-json\/wp\/v2\/pages"}],"about":[{"href":"https:\/\/doblevuit.com\/blog\/wp-json\/wp\/v2\/types\/page"}],"author":[{"embeddable":true,"href":"https:\/\/doblevuit.com\/blog\/wp-json\/wp\/v2\/users\/1"}],"replies":[{"embeddable":true,"href":"https:\/\/doblevuit.com\/blog\/wp-json\/wp\/v2\/comments?post=119"}],"version-history":[{"count":5,"href":"https:\/\/doblevuit.com\/blog\/wp-json\/wp\/v2\/pages\/119\/revisions"}],"predecessor-version":[{"id":7374,"href":"https:\/\/doblevuit.com\/blog\/wp-json\/wp\/v2\/pages\/119\/revisions\/7374"}],"wp:attachment":[{"href":"https:\/\/doblevuit.com\/blog\/wp-json\/wp\/v2\/media?parent=119"}],"curies":[{"name":"wp","href":"https:\/\/api.w.org\/{rel}","templated":true}]}}